{"id":2,"date":"2020-11-23T22:02:20","date_gmt":"2020-11-23T22:02:20","guid":{"rendered":"https:\/\/dev.useme.com\/pl\/blog\/?page_id=2"},"modified":"2025-05-05T12:40:31","modified_gmt":"2025-05-05T10:40:31","slug":"home","status":"publish","type":"page","link":"https:\/\/useme.com\/pl\/blog\/","title":{"rendered":"Home"},"content":{"rendered":"[et_pb_section fb_built=&#8221;1&#8243; theme_builder_area=&#8221;post_content&#8221; _builder_version=&#8221;4.27.4&#8243; _module_preset=&#8221;default&#8221; hover_enabled=&#8221;0&#8243; sticky_enabled=&#8221;0&#8243; background_color=&#8221;#f5f5f7&#8243;][et_pb_row _builder_version=&#8221;4.27.4&#8243; _module_preset=&#8221;default&#8221; theme_builder_area=&#8221;post_content&#8221; column_structure=&#8221;2_3,1_3&#8243;][et_pb_column _builder_version=&#8221;4.27.4&#8243; _module_preset=&#8221;default&#8221; type=&#8221;2_3&#8243; theme_builder_area=&#8221;post_content&#8221;][et_pb_text admin_label=&#8221;H1&#8243; _builder_version=&#8221;4.23.4&#8243; _module_preset=&#8221;661f5c1a-db05-4ba1-a956-f01e1ab646ba&#8221; header_text_align_tablet=&#8221;&#8221; header_text_align_phone=&#8221;left&#8221; header_text_align_last_edited=&#8221;on|tablet&#8221; global_colors_info=&#8221;{}&#8221; theme_builder_area=&#8221;post_content&#8221;]<h1>Blog o pracy zdalnej<\/h1>\r\n\r[\/et_pb_text][et_pb_blog posts_number=&#8221;12&#8243; include_categories=&#8221;1,23,25&#8243; meta_date=&#8221;j F Y&#8221; module_id=&#8221;home-blog&#8221; _builder_version=&#8221;4.27.4&#8243; _module_preset=&#8221;90b2fec4-43bc-41ae-956b-d61d06485984&#8243; hover_enabled=&#8221;0&#8243; global_colors_info=&#8221;{}&#8221; theme_builder_area=&#8221;post_content&#8221; sticky_enabled=&#8221;0&#8243; show_more=&#8221;off&#8221; show_categories=&#8221;on&#8221;][\/et_pb_blog][\/et_pb_column][et_pb_column _builder_version=&#8221;4.27.4&#8243; _module_preset=&#8221;default&#8221; type=&#8221;1_3&#8243; theme_builder_area=&#8221;post_content&#8221;][et_pb_text disabled_on=&#8221;on|on|off&#8221; admin_label=&#8221;Sidebar H3 (Kategorie)&#8221; _builder_version=&#8221;4.27.4&#8243; _module_preset=&#8221;default&#8221; text_line_height=&#8221;26px&#8221; header_3_font=&#8221;|700|||||||&#8221; header_3_text_color=&#8221;#303458&#8243; header_3_font_size=&#8221;28px&#8221; header_3_letter_spacing=&#8221;-0.02em&#8221; header_3_line_height=&#8221;36px&#8221; header_4_font=&#8221;|700|||||||&#8221; header_4_text_color=&#8221;#303458&#8243; header_4_font_size=&#8221;20px&#8221; header_4_line_height=&#8221;26px&#8221; custom_margin=&#8221;||0px||false|false&#8221; custom_padding=&#8221;15px||||false|false&#8221; hover_enabled=&#8221;0&#8243; global_module=&#8221;1608&#8243; saved_tabs=&#8221;all&#8221; global_colors_info=&#8221;{}&#8221; theme_builder_area=&#8221;post_content&#8221; sticky_enabled=&#8221;0&#8243;]<h3>Kategorie<\/h3>[\/et_pb_text][et_pb_sidebar area=&#8221;et_pb_widget_area_2&#8243; disabled_on=&#8221;on|on|off&#8221; admin_label=&#8221;Sidebar (Kategorie)&#8221; _builder_version=&#8221;4.14.7&#8243; _module_preset=&#8221;default&#8221; header_text_color=&#8221;#303458&#8243; header_font_size=&#8221;20px&#8221; header_line_height=&#8221;26px&#8221; body_font_size=&#8221;15px&#8221; body_line_height=&#8221;19px&#8221; custom_padding=&#8221;0px||||false|false&#8221; global_module=&#8221;1620&#8243; saved_tabs=&#8221;all&#8221; global_colors_info=&#8221;{}&#8221; theme_builder_area=&#8221;post_content&#8221;][\/et_pb_sidebar][et_pb_text admin_label=&#8221;Sidebar H3 (O blogu)&#8221; _builder_version=&#8221;4.16&#8243; _module_preset=&#8221;default&#8221; text_line_height=&#8221;26px&#8221; header_3_font=&#8221;|700|||||||&#8221; header_3_text_color=&#8221;#303458&#8243; header_3_font_size=&#8221;28px&#8221; header_3_letter_spacing=&#8221;-0.02em&#8221; header_3_line_height=&#8221;36px&#8221; header_4_font=&#8221;|700|||||||&#8221; header_4_text_color=&#8221;#303458&#8243; header_4_font_size=&#8221;20px&#8221; header_4_line_height=&#8221;26px&#8221; custom_margin=&#8221;||0px||false|false&#8221; custom_padding=&#8221;||15px||false|false&#8221; global_colors_info=&#8221;{}&#8221; theme_builder_area=&#8221;post_content&#8221;]<h3>O blogu<\/h3>\r[\/et_pb_text][et_pb_text admin_label=&#8221;O blogu (text)&#8221; _builder_version=&#8221;4.16&#8243; _module_preset=&#8221;default&#8221; text_text_color=&#8221;rgba(48,52,88,0.8)&#8221; text_line_height=&#8221;26px&#8221; header_3_font=&#8221;|700|||||||&#8221; header_4_font=&#8221;|700|||||||&#8221; header_4_text_color=&#8221;#303458&#8243; header_4_font_size=&#8221;20px&#8221; header_4_line_height=&#8221;26px&#8221; global_colors_info=&#8221;{}&#8221; theme_builder_area=&#8221;post_content&#8221;]\u200bPrzedstawiamy formy pracy zdalnej dla firm i freelancer\u00f3w z Polski i z zagranicy, dzielimy si\u0119 radami, jak zorganizowa\u0107 wsp\u00f3\u0142prac\u0119 i pokazujemy dobre praktyki pracy freelancera i zleceniodawcy.\r\n\r\nPrzyst\u0119pnie wyja\u015bniamy przepisy prawne oraz podatkowe dla freelancer\u00f3w i samozatrudnionych. Piszemy o umowach mi\u0119dzy wykonawc\u0105 a firm\u0105 i jak korzysta\u0107 z pracy online. Odpowiadamy na pytania o korzy\u015bci pracy zdalnej dla firm i freelancer\u00f3w.\r[\/et_pb_text][\/et_pb_column][\/et_pb_row][\/et_pb_section]<!-- \/wp:post-content -->","protected":false},"excerpt":{"rendered":"<p>Blog o pracy zdalnej KategorieO blogu \u200bPrzedstawiamy formy pracy zdalnej dla firm i freelancer\u00f3w z Polski i z zagranicy, dzielimy si\u0119 radami, jak zorganizowa\u0107 wsp\u00f3\u0142prac\u0119 i pokazujemy dobre praktyki pracy freelancera i zleceniodawcy. Przyst\u0119pnie wyja\u015bniamy przepisy prawne oraz podatkowe dla freelancer\u00f3w i samozatrudnionych. Piszemy o umowach mi\u0119dzy wykonawc\u0105 a firm\u0105 i jak korzysta\u0107 z pracy [&hellip;]<\/p>\n","protected":false},"author":1,"featured_media":3990,"parent":0,"menu_order":0,"comment_status":"closed","ping_status":"open","template":"","meta":{"_et_pb_use_builder":"on","_et_pb_old_content":"<!-- wp:paragraph -->\r\n<p>This is an example page. It's different from a blog post because it will stay in one place and will show up in your site navigation (in most themes). Most people start with an About page that introduces them to potential site visitors. It might say something like this:<\/p>\r\n<!-- \/wp:paragraph --><!-- wp:quote -->\r\n<blockquote class=\"wp-block-quote\">\r\n<p>Hi there! I'm a bike messenger by day, aspiring actor by night, and this is my website. I live in Los Angeles, have a great dog named Jack, and I like pi\u00f1a coladas. (And gettin' caught in the rain.)<\/p>\r\n<\/blockquote>\r\n<!-- \/wp:quote --><!-- wp:paragraph -->\r\n<p>...or something like this:<\/p>\r\n<!-- \/wp:paragraph --><!-- wp:quote -->\r\n<blockquote class=\"wp-block-quote\">\r\n<p>The XYZ Doohickey Company was founded in 1971, and has been providing quality doohickeys to the public ever since. Located in Gotham City, XYZ employs over 2,000 people and does all kinds of awesome things for the Gotham community.<\/p>\r\n<\/blockquote>\r\n<!-- \/wp:quote --><!-- wp:paragraph -->\r\n<p>As a new WordPress user, you should go to <a href=\"https:\/\/useme.com\/pl\/blog\/wp-admin\/\">your dashboard<\/a> to delete this page and create new pages for your content. Have fun!<\/p>\r\n<!-- \/wp:paragraph -->","_et_gb_content_width":"","content-type":"","inline_featured_image":false,"footnotes":""},"class_list":["post-2","page","type-page","status-publish","has-post-thumbnail","hentry"],"_links":{"self":[{"href":"https:\/\/useme.com\/pl\/blog\/wp-json\/wp\/v2\/pages\/2","targetHints":{"allow":["GET"]}}],"collection":[{"href":"https:\/\/useme.com\/pl\/blog\/wp-json\/wp\/v2\/pages"}],"about":[{"href":"https:\/\/useme.com\/pl\/blog\/wp-json\/wp\/v2\/types\/page"}],"author":[{"embeddable":true,"href":"https:\/\/useme.com\/pl\/blog\/wp-json\/wp\/v2\/users\/1"}],"replies":[{"embeddable":true,"href":"https:\/\/useme.com\/pl\/blog\/wp-json\/wp\/v2\/comments?post=2"}],"version-history":[{"count":226,"href":"https:\/\/useme.com\/pl\/blog\/wp-json\/wp\/v2\/pages\/2\/revisions"}],"predecessor-version":[{"id":7965,"href":"https:\/\/useme.com\/pl\/blog\/wp-json\/wp\/v2\/pages\/2\/revisions\/7965"}],"wp:featuredmedia":[{"embeddable":true,"href":"https:\/\/useme.com\/pl\/blog\/wp-json\/wp\/v2\/media\/3990"}],"wp:attachment":[{"href":"https:\/\/useme.com\/pl\/blog\/wp-json\/wp\/v2\/media?parent=2"}],"curies":[{"name":"wp","href":"https:\/\/api.w.org\/{rel}","templated":true}]}}